{"id":2309,"date":"2024-05-27T00:09:06","date_gmt":"2024-05-26T21:09:06","guid":{"rendered":"https:\/\/battallaw.com\/fusions-et-acquisitions\/"},"modified":"2024-09-03T10:14:19","modified_gmt":"2024-09-03T07:14:19","slug":"fusions-et-acquisitions","status":"publish","type":"page","link":"https:\/\/battallaw.com\/fr\/fusions-et-acquisitions\/","title":{"rendered":"Fusions et acquisitions"},"content":{"rendered":"\t\t<div data-elementor-type=\"wp-page\" data-elementor-id=\"2309\" class=\"elementor elementor-2309 elementor-1951\">\n\t\t\t\t<div class=\"elementor-element elementor-element-602b1cc e-flex e-con-boxed e-con e-parent\" data-id=\"602b1cc\" data-element_type=\"container\" data-e-type=\"container\" data-settings=\"{&quot;background_background&quot;:&quot;classic&quot;}\">\n\t\t\t\t\t<div class=\"e-con-inner\">\n\t\t<div class=\"elementor-element elementor-element-9535858 e-con-full e-flex e-con e-child\" data-id=\"9535858\" data-element_type=\"container\" data-e-type=\"container\">\n\t\t\t\t<div class=\"elementor-element elementor-element-48439a8 elementor-align-center elementor-widget elementor-widget-button\" data-id=\"48439a8\" data-element_type=\"widget\" data-e-type=\"widget\" data-widget_type=\"button.default\">\n\t\t\t\t<div class=\"elementor-widget-container\">\n\t\t\t\t\t\t\t\t\t<div class=\"elementor-button-wrapper\">\n\t\t\t\t\t<a class=\"elementor-button elementor-button-link elementor-size-sm\" href=\"#\">\n\t\t\t\t\t\t<span class=\"elementor-button-content-wrapper\">\n\t\t\t\t\t\t\t\t\t<span class=\"elementor-button-text\">FAITES CONNAISSANCE AVEC NOS AVOCATS<\/span>\n\t\t\t\t\t<\/span>\n\t\t\t\t\t<\/a>\n\t\t\t\t<\/div>\n\t\t\t\t\t\t\t\t<\/div>\n\t\t\t\t<\/div>\n\t\t\t\t<\/div>\n\t\t\t\t\t<\/div>\n\t\t\t\t<\/div>\n\t\t<div class=\"elementor-element elementor-element-d48012f e-flex e-con-boxed e-con e-parent\" data-id=\"d48012f\" data-element_type=\"container\" data-e-type=\"container\">\n\t\t\t\t\t<div class=\"e-con-inner\">\n\t\t\t\t<div class=\"elementor-element elementor-element-297b49b elementor-widget elementor-widget-text-editor\" data-id=\"297b49b\" data-element_type=\"widget\" data-e-type=\"widget\" data-widget_type=\"text-editor.default\">\n\t\t\t\t<div class=\"elementor-widget-container\">\n\t\t\t\t\t\t\t\t\t<p>Les fusions et acquisitions sont des processus tr\u00e8s complexes.<br \/>\nBATTAL LAW, avec son \u00e9quipe sp\u00e9cialis\u00e9e dans ce domaine, repr\u00e9sente avec succ\u00e8s tous ses clients, qu&rsquo;ils soient acheteurs ou vendeurs.<br \/>\nNos services comprennent les soins de sant\u00e9, le commerce de d\u00e9tail, l&rsquo;\u00e9nergie, l&rsquo;automobile, l&rsquo;alimentation et les boissons, la construction, les produits m\u00e9dicaux, la technologie et les t\u00e9l\u00e9communications.  <\/p>\n<p>Nous r\u00e9alisons ces fusions et acquisitions, y compris les privatisations, les transactions transfrontali\u00e8res et les investissements immobiliers de la mani\u00e8re la plus efficace possible.<br \/>\nNous sommes \u00e9galement sp\u00e9cialis\u00e9s dans les fusions et acquisitions, les restructurations de capital et l&rsquo;achat et la vente de soci\u00e9t\u00e9s priv\u00e9es et publiques.<br \/>\nNotre \u00e9quipe exp\u00e9riment\u00e9e propose \u00e9galement des solutions pour la pr\u00e9paration des documents de transfert d&rsquo;actions, les n\u00e9gociations d&rsquo;investissement, la constitution de fonds, la structuration d&rsquo;entit\u00e9s juridiques multiples, le droit fiscal et le droit des s\u00fbret\u00e9s.  <\/p>\n<p>Les principaux services fournis par BATTAL LAW dans ce domaine sont les suivants :<\/p>\n\t\t\t\t\t\t\t\t<\/div>\n\t\t\t\t<\/div>\n\t\t\t\t\t<\/div>\n\t\t\t\t<\/div>\n\t\t<div class=\"elementor-element elementor-element-f0920f9 e-flex e-con-boxed e-con e-parent\" data-id=\"f0920f9\" data-element_type=\"container\" data-e-type=\"container\">\n\t\t\t\t\t<div class=\"e-con-inner\">\n\t\t\t\t<div class=\"elementor-element elementor-element-d0e098a elementor-widget elementor-widget-text-editor\" data-id=\"d0e098a\" data-element_type=\"widget\" data-e-type=\"widget\" data-widget_type=\"text-editor.default\">\n\t\t\t\t<div class=\"elementor-widget-container\">\n\t\t\t\t\t\t\t\t\t<ul>\n<li>Obtenir les autorisations publiques pour le secteur concern\u00e9 et r\u00e9aliser le transfert des autorisations et des licences,<\/li>\n<li>Ex\u00e9cution des transactions de l&rsquo;autorit\u00e9 de la concurrence et du comit\u00e9 des march\u00e9s des capitaux,<\/li>\n<li>Assurer la structuration institutionnelle de l&rsquo;entreprise concern\u00e9e,<\/li>\n<li>Fournir d&rsquo;autres services de conseil juridique \u00e0 toutes les autorit\u00e9s comp\u00e9tentes en respectant les principes relatifs \u00e0 la divulgation de l&rsquo;information,<\/li>\n<li>Vente d&rsquo;actions dans le cadre de fusions et d&rsquo;acquisitions,<\/li>\n<li>Conseil et gestion d&rsquo;entreprise,<\/li>\n<li>Assurer l&rsquo;int\u00e9gration apr\u00e8s l&rsquo;acquisition, ainsi que les proc\u00e9dures de r\u00e9organisation apr\u00e8s le transfert d&rsquo;actions.\n<\/li>\n<\/ul>\n\t\t\t\t\t\t\t\t<\/div>\n\t\t\t\t<\/div>\n\t\t\t\t\t<\/div>\n\t\t\t\t<\/div>\n\t\t\t\t<\/div>\n\t\t","protected":false},"excerpt":{"rendered":"<p>FAITES CONNAISSANCE AVEC NOS AVOCATS Les fusions et acquisitions sont des processus tr\u00e8s complexes. BATTAL LAW, avec son \u00e9quipe sp\u00e9cialis\u00e9e dans ce domaine, repr\u00e9sente avec succ\u00e8s tous ses clients, qu&rsquo;ils soient acheteurs ou vendeurs. Nos services comprennent les soins de sant\u00e9, le commerce de d\u00e9tail, l&rsquo;\u00e9nergie, l&rsquo;automobile, l&rsquo;alimentation et les boissons, la construction, les produits [&hellip;]<\/p>\n","protected":false},"author":1,"featured_media":0,"parent":0,"menu_order":0,"comment_status":"closed","ping_status":"closed","template":"","meta":{"site-sidebar-layout":"default","site-content-layout":"page-builder","ast-site-content-layout":"full-width-container","site-content-style":"default","site-sidebar-style":"default","ast-global-header-display":"","ast-banner-title-visibility":"","ast-main-header-display":"","ast-hfb-above-header-display":"","ast-hfb-below-header-display":"","ast-hfb-mobile-header-display":"","site-post-title":"disabled","ast-breadcrumbs-content":"","ast-featured-img":"disabled","footer-sml-layout":"","ast-disable-related-posts":"","theme-transparent-header-meta":"","adv-header-id-meta":"","stick-header-meta":"","header-above-stick-meta":"","header-main-stick-meta":"","header-below-stick-meta":"","astra-migrate-meta-layouts":"default","ast-page-background-enabled":"default","ast-page-background-meta":{"desktop":{"background-color":"","background-image":"","background-repeat":"repeat","background-position":"center center","background-size":"auto","background-attachment":"scroll","background-type":"","background-media":"","overlay-type":"","overlay-color":"","overlay-opacity":"","overlay-gradient":""},"tablet":{"background-color":"","background-image":"","background-repeat":"repeat","background-position":"center center","background-size":"auto","background-attachment":"scroll","background-type":"","background-media":"","overlay-type":"","overlay-color":"","overlay-opacity":"","overlay-gradient":""},"mobile":{"background-color":"","background-image":"","background-repeat":"repeat","background-position":"center center","background-size":"auto","background-attachment":"scroll","background-type":"","background-media":"","overlay-type":"","overlay-color":"","overlay-opacity":"","overlay-gradient":""}},"ast-content-background-meta":{"desktop":{"background-color":"var(--ast-global-color-5)","background-image":"","background-repeat":"repeat","background-position":"center center","background-size":"auto","background-attachment":"scroll","background-type":"","background-media":"","overlay-type":"","overlay-color":"","overlay-opacity":"","overlay-gradient":""},"tablet":{"background-color":"var(--ast-global-color-5)","background-image":"","background-repeat":"repeat","background-position":"center center","background-size":"auto","background-attachment":"scroll","background-type":"","background-media":"","overlay-type":"","overlay-color":"","overlay-opacity":"","overlay-gradient":""},"mobile":{"background-color":"var(--ast-global-color-5)","background-image":"","background-repeat":"repeat","background-position":"center center","background-size":"auto","background-attachment":"scroll","background-type":"","background-media":"","overlay-type":"","overlay-color":"","overlay-opacity":"","overlay-gradient":""}},"footnotes":""},"class_list":["post-2309","page","type-page","status-publish","hentry"],"_links":{"self":[{"href":"https:\/\/battallaw.com\/fr\/wp-json\/wp\/v2\/pages\/2309","targetHints":{"allow":["GET"]}}],"collection":[{"href":"https:\/\/battallaw.com\/fr\/wp-json\/wp\/v2\/pages"}],"about":[{"href":"https:\/\/battallaw.com\/fr\/wp-json\/wp\/v2\/types\/page"}],"author":[{"embeddable":true,"href":"https:\/\/battallaw.com\/fr\/wp-json\/wp\/v2\/users\/1"}],"replies":[{"embeddable":true,"href":"https:\/\/battallaw.com\/fr\/wp-json\/wp\/v2\/comments?post=2309"}],"version-history":[{"count":1,"href":"https:\/\/battallaw.com\/fr\/wp-json\/wp\/v2\/pages\/2309\/revisions"}],"predecessor-version":[{"id":2310,"href":"https:\/\/battallaw.com\/fr\/wp-json\/wp\/v2\/pages\/2309\/revisions\/2310"}],"wp:attachment":[{"href":"https:\/\/battallaw.com\/fr\/wp-json\/wp\/v2\/media?parent=2309"}],"curies":[{"name":"wp","href":"https:\/\/api.w.org\/{rel}","templated":true}]}}