{"id":2319,"date":"2024-05-27T00:29:38","date_gmt":"2024-05-26T21:29:38","guid":{"rendered":"https:\/\/battallaw.com\/droit-de-lenergie-des-mines-et-des-infrastructures\/"},"modified":"2024-09-03T10:21:15","modified_gmt":"2024-09-03T07:21:15","slug":"droit-de-lenergie-des-mines-et-des-infrastructures","status":"publish","type":"page","link":"https:\/\/battallaw.com\/fr\/droit-de-lenergie-des-mines-et-des-infrastructures\/","title":{"rendered":"Droit de l&rsquo;\u00e9nergie, des mines et des infrastructures"},"content":{"rendered":"\t\t<div data-elementor-type=\"wp-page\" data-elementor-id=\"2319\" class=\"elementor elementor-2319\">\n\t\t\t\t<div class=\"elementor-element elementor-element-602b1cc e-flex e-con-boxed e-con e-parent\" data-id=\"602b1cc\" data-element_type=\"container\" data-e-type=\"container\" data-settings=\"{&quot;background_background&quot;:&quot;classic&quot;}\">\n\t\t\t\t\t<div class=\"e-con-inner\">\n\t\t<div class=\"elementor-element elementor-element-9535858 e-con-full e-flex e-con e-child\" data-id=\"9535858\" data-element_type=\"container\" data-e-type=\"container\">\n\t\t\t\t<div class=\"elementor-element elementor-element-48439a8 elementor-align-center elementor-widget elementor-widget-button\" data-id=\"48439a8\" data-element_type=\"widget\" data-e-type=\"widget\" data-widget_type=\"button.default\">\n\t\t\t\t<div class=\"elementor-widget-container\">\n\t\t\t\t\t\t\t\t\t<div class=\"elementor-button-wrapper\">\n\t\t\t\t\t<a class=\"elementor-button elementor-button-link elementor-size-sm\" href=\"#\">\n\t\t\t\t\t\t<span class=\"elementor-button-content-wrapper\">\n\t\t\t\t\t\t\t\t\t<span class=\"elementor-button-text\">FAITES CONNAISSANCE AVEC NOS AVOCATS<\/span>\n\t\t\t\t\t<\/span>\n\t\t\t\t\t<\/a>\n\t\t\t\t<\/div>\n\t\t\t\t\t\t\t\t<\/div>\n\t\t\t\t<\/div>\n\t\t\t\t<\/div>\n\t\t\t\t\t<\/div>\n\t\t\t\t<\/div>\n\t\t<div class=\"elementor-element elementor-element-d48012f e-flex e-con-boxed e-con e-parent\" data-id=\"d48012f\" data-element_type=\"container\" data-e-type=\"container\">\n\t\t\t\t\t<div class=\"e-con-inner\">\n\t\t\t\t<div class=\"elementor-element elementor-element-297b49b elementor-widget elementor-widget-text-editor\" data-id=\"297b49b\" data-element_type=\"widget\" data-e-type=\"widget\" data-widget_type=\"text-editor.default\">\n\t\t\t\t<div class=\"elementor-widget-container\">\n\t\t\t\t\t\t\t\t\t<p>En tant que BATTAL LAW, nous fournissons des services de conseil juridique \u00e0 nos clients gr\u00e2ce \u00e0 notre \u00e9quipe sp\u00e9cialis\u00e9e dans l&rsquo;\u00e9nergie, l&rsquo;exploitation mini\u00e8re, les infrastructures, les partenariats public-priv\u00e9, les transactions de construction-exploitation-transfert et les projets de privatisation. Nos clients comprennent la production et le commerce d&rsquo;\u00e9nergie, l&rsquo;exploration, l&rsquo;extraction et la production de minerais, les installations de pipelines, les raffineries, la production industrielle, la production d&rsquo;\u00e9lectricit\u00e9 et les projets d&rsquo;infrastructure. <\/p>\n<p>D\u00e8s le d\u00e9but du service de conseil que nous offrons, nous vous soutenons \u00e0 chaque instant jusqu&rsquo;\u00e0 la phase de n\u00e9gociation des contrats et, enfin, nous vous aidons \u00e0 mettre en \u0153uvre le projet. En outre, nous apportons \u00e9galement notre soutien dans toutes les relations de nos clients avec les institutions officielles. <\/p>\n<p>Les principaux services de conseil fournis par BATTAL LAW dans le domaine du droit de l&rsquo;\u00e9nergie, des mines et des infrastructures sont les suivants<\/p>\n\t\t\t\t\t\t\t\t<\/div>\n\t\t\t\t<\/div>\n\t\t\t\t\t<\/div>\n\t\t\t\t<\/div>\n\t\t<div class=\"elementor-element elementor-element-f0920f9 e-flex e-con-boxed e-con e-parent\" data-id=\"f0920f9\" data-element_type=\"container\" data-e-type=\"container\">\n\t\t\t\t\t<div class=\"e-con-inner\">\n\t\t\t\t<div class=\"elementor-element elementor-element-d0e098a elementor-widget elementor-widget-text-editor\" data-id=\"d0e098a\" data-element_type=\"widget\" data-e-type=\"widget\" data-widget_type=\"text-editor.default\">\n\t\t\t\t<div class=\"elementor-widget-container\">\n\t\t\t\t\t\t\t\t\t<ul>\n<li>Dans le domaine du droit de l&rsquo;\u00e9nergie, pr\u00e9paration de contrats pour l&rsquo;acquisition de projets et d&rsquo;entreprises \u00e9nerg\u00e9tiques, d\u00e9veloppement de projets, obtention de licences et de permis, projets \u00e9nerg\u00e9tiques et r\u00e9solution des probl\u00e8mes pouvant d\u00e9couler de la l\u00e9gislation EMRA dans le cadre de ces projets,<\/li>\n<li>Soutien juridique aux entreprises du secteur minier en mati\u00e8re de permis et de licences,<\/li>\n<li>Soutien juridique concernant les transactions commerciales et les contrats en rapport avec les activit\u00e9s des entreprises clientes,<\/li>\n<li>R\u00e9daction, n\u00e9gociation, ex\u00e9cution, r\u00e9siliation et r\u00e8glement des litiges pour les entreprises de construction et d&rsquo;infrastructure dans les domaines du droit de la construction et de l&rsquo;infrastructure.<\/li>\n<\/ul>\n\t\t\t\t\t\t\t\t<\/div>\n\t\t\t\t<\/div>\n\t\t\t\t\t<\/div>\n\t\t\t\t<\/div>\n\t\t\t\t<\/div>\n\t\t","protected":false},"excerpt":{"rendered":"<p>FAITES CONNAISSANCE AVEC NOS AVOCATS En tant que BATTAL LAW, nous fournissons des services de conseil juridique \u00e0 nos clients gr\u00e2ce \u00e0 notre \u00e9quipe sp\u00e9cialis\u00e9e dans l&rsquo;\u00e9nergie, l&rsquo;exploitation mini\u00e8re, les infrastructures, les partenariats public-priv\u00e9, les transactions de construction-exploitation-transfert et les projets de privatisation. Nos clients comprennent la production et le commerce d&rsquo;\u00e9nergie, l&rsquo;exploration, l&rsquo;extraction et [&hellip;]<\/p>\n","protected":false},"author":1,"featured_media":0,"parent":0,"menu_order":0,"comment_status":"closed","ping_status":"closed","template":"","meta":{"site-sidebar-layout":"default","site-content-layout":"page-builder","ast-site-content-layout":"full-width-container","site-content-style":"default","site-sidebar-style":"default","ast-global-header-display":"","ast-banner-title-visibility":"","ast-main-header-display":"","ast-hfb-above-header-display":"","ast-hfb-below-header-display":"","ast-hfb-mobile-header-display":"","site-post-title":"disabled","ast-breadcrumbs-content":"","ast-featured-img":"disabled","footer-sml-layout":"","ast-disable-related-posts":"","theme-transparent-header-meta":"","adv-header-id-meta":"","stick-header-meta":"","header-above-stick-meta":"","header-main-stick-meta":"","header-below-stick-meta":"","astra-migrate-meta-layouts":"default","ast-page-background-enabled":"default","ast-page-background-meta":{"desktop":{"background-color":"","background-image":"","background-repeat":"repeat","background-position":"center center","background-size":"auto","background-attachment":"scroll","background-type":"","background-media":"","overlay-type":"","overlay-color":"","overlay-opacity":"","overlay-gradient":""},"tablet":{"background-color":"","background-image":"","background-repeat":"repeat","background-position":"center center","background-size":"auto","background-attachment":"scroll","background-type":"","background-media":"","overlay-type":"","overlay-color":"","overlay-opacity":"","overlay-gradient":""},"mobile":{"background-color":"","background-image":"","background-repeat":"repeat","background-position":"center center","background-size":"auto","background-attachment":"scroll","background-type":"","background-media":"","overlay-type":"","overlay-color":"","overlay-opacity":"","overlay-gradient":""}},"ast-content-background-meta":{"desktop":{"background-color":"var(--ast-global-color-5)","background-image":"","background-repeat":"repeat","background-position":"center center","background-size":"auto","background-attachment":"scroll","background-type":"","background-media":"","overlay-type":"","overlay-color":"","overlay-opacity":"","overlay-gradient":""},"tablet":{"background-color":"var(--ast-global-color-5)","background-image":"","background-repeat":"repeat","background-position":"center center","background-size":"auto","background-attachment":"scroll","background-type":"","background-media":"","overlay-type":"","overlay-color":"","overlay-opacity":"","overlay-gradient":""},"mobile":{"background-color":"var(--ast-global-color-5)","background-image":"","background-repeat":"repeat","background-position":"center center","background-size":"auto","background-attachment":"scroll","background-type":"","background-media":"","overlay-type":"","overlay-color":"","overlay-opacity":"","overlay-gradient":""}},"footnotes":""},"class_list":["post-2319","page","type-page","status-publish","hentry"],"_links":{"self":[{"href":"https:\/\/battallaw.com\/fr\/wp-json\/wp\/v2\/pages\/2319","targetHints":{"allow":["GET"]}}],"collection":[{"href":"https:\/\/battallaw.com\/fr\/wp-json\/wp\/v2\/pages"}],"about":[{"href":"https:\/\/battallaw.com\/fr\/wp-json\/wp\/v2\/types\/page"}],"author":[{"embeddable":true,"href":"https:\/\/battallaw.com\/fr\/wp-json\/wp\/v2\/users\/1"}],"replies":[{"embeddable":true,"href":"https:\/\/battallaw.com\/fr\/wp-json\/wp\/v2\/comments?post=2319"}],"version-history":[{"count":1,"href":"https:\/\/battallaw.com\/fr\/wp-json\/wp\/v2\/pages\/2319\/revisions"}],"predecessor-version":[{"id":2320,"href":"https:\/\/battallaw.com\/fr\/wp-json\/wp\/v2\/pages\/2319\/revisions\/2320"}],"wp:attachment":[{"href":"https:\/\/battallaw.com\/fr\/wp-json\/wp\/v2\/media?parent=2319"}],"curies":[{"name":"wp","href":"https:\/\/api.w.org\/{rel}","templated":true}]}}