{"id":2346,"date":"2024-05-27T00:37:45","date_gmt":"2024-05-26T21:37:45","guid":{"rendered":"https:\/\/battallaw.com\/respect-de-la-legislation\/"},"modified":"2024-09-03T10:41:44","modified_gmt":"2024-09-03T07:41:44","slug":"respect-de-la-legislation","status":"publish","type":"page","link":"https:\/\/battallaw.com\/fr\/respect-de-la-legislation\/","title":{"rendered":"Respect de la l\u00e9gislation"},"content":{"rendered":"\t\t<div data-elementor-type=\"wp-page\" data-elementor-id=\"2346\" class=\"elementor elementor-2346 elementor-1996\">\n\t\t\t\t<div class=\"elementor-element elementor-element-602b1cc e-flex e-con-boxed e-con e-parent\" data-id=\"602b1cc\" data-element_type=\"container\" data-e-type=\"container\" data-settings=\"{&quot;background_background&quot;:&quot;classic&quot;}\">\n\t\t\t\t\t<div class=\"e-con-inner\">\n\t\t<div class=\"elementor-element elementor-element-9535858 e-con-full e-flex e-con e-child\" data-id=\"9535858\" data-element_type=\"container\" data-e-type=\"container\">\n\t\t\t\t<div class=\"elementor-element elementor-element-48439a8 elementor-align-center elementor-widget elementor-widget-button\" data-id=\"48439a8\" data-element_type=\"widget\" data-e-type=\"widget\" data-widget_type=\"button.default\">\n\t\t\t\t<div class=\"elementor-widget-container\">\n\t\t\t\t\t\t\t\t\t<div class=\"elementor-button-wrapper\">\n\t\t\t\t\t<a class=\"elementor-button elementor-button-link elementor-size-sm\" href=\"#\">\n\t\t\t\t\t\t<span class=\"elementor-button-content-wrapper\">\n\t\t\t\t\t\t\t\t\t<span class=\"elementor-button-text\">FAITES CONNAISSANCE AVEC NOS AVOCATS<\/span>\n\t\t\t\t\t<\/span>\n\t\t\t\t\t<\/a>\n\t\t\t\t<\/div>\n\t\t\t\t\t\t\t\t<\/div>\n\t\t\t\t<\/div>\n\t\t\t\t<\/div>\n\t\t\t\t\t<\/div>\n\t\t\t\t<\/div>\n\t\t<div class=\"elementor-element elementor-element-d48012f e-flex e-con-boxed e-con e-parent\" data-id=\"d48012f\" data-element_type=\"container\" data-e-type=\"container\">\n\t\t\t\t\t<div class=\"e-con-inner\">\n\t\t\t\t<div class=\"elementor-element elementor-element-297b49b elementor-widget elementor-widget-text-editor\" data-id=\"297b49b\" data-element_type=\"widget\" data-e-type=\"widget\" data-widget_type=\"text-editor.default\">\n\t\t\t\t<div class=\"elementor-widget-container\">\n\t\t\t\t\t\t\t\t\t<p>L&rsquo;\u00e9quipe exp\u00e9riment\u00e9e de BATTAL LAW fournit des services de conseil pour emp\u00eacher les entreprises, leurs dirigeants, leurs actionnaires et leurs employ\u00e9s de s&rsquo;engager dans des transactions ill\u00e9gales. La mise en place d&rsquo;un programme de conformit\u00e9 juridique pour les entreprises n&rsquo;est pas aussi simple qu&rsquo;il n&rsquo;y para\u00eet ; dans la r\u00e9alit\u00e9, la situation est assez complexe. <br \/>Les entreprises comptant des milliers d&#8217;employ\u00e9s et les multinationales sont particuli\u00e8rement expos\u00e9es, car elles op\u00e8rent dans des pays soumis \u00e0 des r\u00e8gles peu famili\u00e8res et n&rsquo;ont pas encore instaur\u00e9 une culture de la conformit\u00e9 juridique. C&rsquo;est pourquoi le conseil en conformit\u00e9 juridique fourni par notre \u00e9quipe est d&rsquo;une importance cruciale en termes de contr\u00f4le de la conformit\u00e9 juridique des entreprises et d&rsquo;\u00e9tablissement de leur identit\u00e9 d&rsquo;entreprise.<br \/>BATTAL LAW propose un service de conseil en mati\u00e8re de conformit\u00e9 juridique des entreprises parmi les services qu&rsquo;elle offre \u00e0 ses clients : <\/p>\n\t\t\t\t\t\t\t\t<\/div>\n\t\t\t\t<\/div>\n\t\t\t\t\t<\/div>\n\t\t\t\t<\/div>\n\t\t<div class=\"elementor-element elementor-element-f0920f9 e-flex e-con-boxed e-con e-parent\" data-id=\"f0920f9\" data-element_type=\"container\" data-e-type=\"container\">\n\t\t\t\t\t<div class=\"e-con-inner\">\n\t\t\t\t<div class=\"elementor-element elementor-element-d0e098a elementor-widget elementor-widget-text-editor\" data-id=\"d0e098a\" data-element_type=\"widget\" data-e-type=\"widget\" data-widget_type=\"text-editor.default\">\n\t\t\t\t<div class=\"elementor-widget-container\">\n\t\t\t\t\t\t\t\t\t<ul>\n<li>Pratiques de lutte contre la corruption et le blanchiment d&rsquo;argent,<\/li>\n<li>Confidentialit\u00e9 des donn\u00e9es,<\/li>\n<li>Am\u00e9nagement paysager,<\/li>\n<li>Respect de la l\u00e9gislation commerciale et des r\u00e9glementations sectorielles,<\/li>\n<li>Services de conseil et de formation en mati\u00e8re de conformit\u00e9 juridique.<\/li>\n<\/ul>\n\t\t\t\t\t\t\t\t<\/div>\n\t\t\t\t<\/div>\n\t\t\t\t\t<\/div>\n\t\t\t\t<\/div>\n\t\t\t\t<\/div>\n\t\t","protected":false},"excerpt":{"rendered":"<p>FAITES CONNAISSANCE AVEC NOS AVOCATS L&rsquo;\u00e9quipe exp\u00e9riment\u00e9e de BATTAL LAW fournit des services de conseil pour emp\u00eacher les entreprises, leurs dirigeants, leurs actionnaires et leurs employ\u00e9s de s&rsquo;engager dans des transactions ill\u00e9gales. La mise en place d&rsquo;un programme de conformit\u00e9 juridique pour les entreprises n&rsquo;est pas aussi simple qu&rsquo;il n&rsquo;y para\u00eet ; dans la r\u00e9alit\u00e9, [&hellip;]<\/p>\n","protected":false},"author":1,"featured_media":0,"parent":0,"menu_order":0,"comment_status":"closed","ping_status":"closed","template":"","meta":{"site-sidebar-layout":"default","site-content-layout":"page-builder","ast-site-content-layout":"full-width-container","site-content-style":"default","site-sidebar-style":"default","ast-global-header-display":"","ast-banner-title-visibility":"","ast-main-header-display":"","ast-hfb-above-header-display":"","ast-hfb-below-header-display":"","ast-hfb-mobile-header-display":"","site-post-title":"disabled","ast-breadcrumbs-content":"","ast-featured-img":"disabled","footer-sml-layout":"","ast-disable-related-posts":"","theme-transparent-header-meta":"","adv-header-id-meta":"","stick-header-meta":"","header-above-stick-meta":"","header-main-stick-meta":"","header-below-stick-meta":"","astra-migrate-meta-layouts":"default","ast-page-background-enabled":"default","ast-page-background-meta":{"desktop":{"background-color":"","background-image":"","background-repeat":"repeat","background-position":"center center","background-size":"auto","background-attachment":"scroll","background-type":"","background-media":"","overlay-type":"","overlay-color":"","overlay-opacity":"","overlay-gradient":""},"tablet":{"background-color":"","background-image":"","background-repeat":"repeat","background-position":"center center","background-size":"auto","background-attachment":"scroll","background-type":"","background-media":"","overlay-type":"","overlay-color":"","overlay-opacity":"","overlay-gradient":""},"mobile":{"background-color":"","background-image":"","background-repeat":"repeat","background-position":"center center","background-size":"auto","background-attachment":"scroll","background-type":"","background-media":"","overlay-type":"","overlay-color":"","overlay-opacity":"","overlay-gradient":""}},"ast-content-background-meta":{"desktop":{"background-color":"var(--ast-global-color-5)","background-image":"","background-repeat":"repeat","background-position":"center center","background-size":"auto","background-attachment":"scroll","background-type":"","background-media":"","overlay-type":"","overlay-color":"","overlay-opacity":"","overlay-gradient":""},"tablet":{"background-color":"var(--ast-global-color-5)","background-image":"","background-repeat":"repeat","background-position":"center center","background-size":"auto","background-attachment":"scroll","background-type":"","background-media":"","overlay-type":"","overlay-color":"","overlay-opacity":"","overlay-gradient":""},"mobile":{"background-color":"var(--ast-global-color-5)","background-image":"","background-repeat":"repeat","background-position":"center center","background-size":"auto","background-attachment":"scroll","background-type":"","background-media":"","overlay-type":"","overlay-color":"","overlay-opacity":"","overlay-gradient":""}},"footnotes":""},"class_list":["post-2346","page","type-page","status-publish","hentry"],"_links":{"self":[{"href":"https:\/\/battallaw.com\/fr\/wp-json\/wp\/v2\/pages\/2346","targetHints":{"allow":["GET"]}}],"collection":[{"href":"https:\/\/battallaw.com\/fr\/wp-json\/wp\/v2\/pages"}],"about":[{"href":"https:\/\/battallaw.com\/fr\/wp-json\/wp\/v2\/types\/page"}],"author":[{"embeddable":true,"href":"https:\/\/battallaw.com\/fr\/wp-json\/wp\/v2\/users\/1"}],"replies":[{"embeddable":true,"href":"https:\/\/battallaw.com\/fr\/wp-json\/wp\/v2\/comments?post=2346"}],"version-history":[{"count":1,"href":"https:\/\/battallaw.com\/fr\/wp-json\/wp\/v2\/pages\/2346\/revisions"}],"predecessor-version":[{"id":2347,"href":"https:\/\/battallaw.com\/fr\/wp-json\/wp\/v2\/pages\/2346\/revisions\/2347"}],"wp:attachment":[{"href":"https:\/\/battallaw.com\/fr\/wp-json\/wp\/v2\/media?parent=2346"}],"curies":[{"name":"wp","href":"https:\/\/api.w.org\/{rel}","templated":true}]}}