{"id":2366,"date":"2024-05-27T00:39:49","date_gmt":"2024-05-26T21:39:49","guid":{"rendered":"https:\/\/battallaw.com\/droit-de-la-concurrence\/"},"modified":"2024-09-03T11:07:28","modified_gmt":"2024-09-03T08:07:28","slug":"droit-de-la-concurrence","status":"publish","type":"page","link":"https:\/\/battallaw.com\/fr\/droit-de-la-concurrence\/","title":{"rendered":"Droit de la concurrence"},"content":{"rendered":"\t\t<div data-elementor-type=\"wp-page\" data-elementor-id=\"2366\" class=\"elementor elementor-2366\">\n\t\t\t\t<div class=\"elementor-element elementor-element-602b1cc e-flex e-con-boxed e-con e-parent\" data-id=\"602b1cc\" data-element_type=\"container\" data-e-type=\"container\" data-settings=\"{&quot;background_background&quot;:&quot;classic&quot;}\">\n\t\t\t\t\t<div class=\"e-con-inner\">\n\t\t<div class=\"elementor-element elementor-element-9535858 e-con-full e-flex e-con e-child\" data-id=\"9535858\" data-element_type=\"container\" data-e-type=\"container\">\n\t\t\t\t<div class=\"elementor-element elementor-element-48439a8 elementor-align-center elementor-widget elementor-widget-button\" data-id=\"48439a8\" data-element_type=\"widget\" data-e-type=\"widget\" data-widget_type=\"button.default\">\n\t\t\t\t<div class=\"elementor-widget-container\">\n\t\t\t\t\t\t\t\t\t<div class=\"elementor-button-wrapper\">\n\t\t\t\t\t<a class=\"elementor-button elementor-button-link elementor-size-sm\" href=\"#\">\n\t\t\t\t\t\t<span class=\"elementor-button-content-wrapper\">\n\t\t\t\t\t\t\t\t\t<span class=\"elementor-button-text\">FAITES CONNAISSANCE AVEC NOS AVOCATS<\/span>\n\t\t\t\t\t<\/span>\n\t\t\t\t\t<\/a>\n\t\t\t\t<\/div>\n\t\t\t\t\t\t\t\t<\/div>\n\t\t\t\t<\/div>\n\t\t\t\t<\/div>\n\t\t\t\t\t<\/div>\n\t\t\t\t<\/div>\n\t\t<div class=\"elementor-element elementor-element-d48012f e-flex e-con-boxed e-con e-parent\" data-id=\"d48012f\" data-element_type=\"container\" data-e-type=\"container\">\n\t\t\t\t\t<div class=\"e-con-inner\">\n\t\t\t\t<div class=\"elementor-element elementor-element-297b49b elementor-widget elementor-widget-text-editor\" data-id=\"297b49b\" data-element_type=\"widget\" data-e-type=\"widget\" data-widget_type=\"text-editor.default\">\n\t\t\t\t<div class=\"elementor-widget-container\">\n\t\t\t\t\t\t\t\t\t<p>BATTAL LAW fournit des services de conseil en mati\u00e8re de droit de la concurrence. Gr\u00e2ce \u00e0 ces services, il veille \u00e0 ce que ses clients puissent utiliser leur libert\u00e9 commerciale de la mani\u00e8re la plus large possible et \u0153uvre \u00e0 l&rsquo;instauration d&rsquo;une concurrence effective. <\/p>\n<p>Notre \u00e9quipe exp\u00e9riment\u00e9e fournit des solutions rapides et fiables aux probl\u00e8mes dans le domaine du droit de la concurrence. Notre \u00e9quipe, qui fournit des services de conseil \u00e0 des clients nationaux et \u00e9trangers \u00e0 tous les niveaux du droit de la concurrence, effectue un travail m\u00e9ticuleux pour pr\u00e9venir les pertes financi\u00e8res. <\/p>\n<p>Les principaux services de droit de la concurrence fournis par BATTAL LAW sont les suivants <\/p>\n\t\t\t\t\t\t\t\t<\/div>\n\t\t\t\t<\/div>\n\t\t\t\t\t<\/div>\n\t\t\t\t<\/div>\n\t\t<div class=\"elementor-element elementor-element-f0920f9 e-flex e-con-boxed e-con e-parent\" data-id=\"f0920f9\" data-element_type=\"container\" data-e-type=\"container\">\n\t\t\t\t\t<div class=\"e-con-inner\">\n\t\t\t\t<div class=\"elementor-element elementor-element-d0e098a elementor-widget elementor-widget-text-editor\" data-id=\"d0e098a\" data-element_type=\"widget\" data-e-type=\"widget\" data-widget_type=\"text-editor.default\">\n\t\t\t\t<div class=\"elementor-widget-container\">\n\t\t\t\t\t\t\t\t\t<ul>\n<li>Fournir des services de conseil tout au long du processus, depuis la pr\u00e9paration des formulaires de notification \u00e0 l&rsquo;Autorit\u00e9 de la concurrence pour les fusions et acquisitions soumises \u00e0 autorisation jusqu&rsquo;\u00e0 l&rsquo;obtention de l&rsquo;autorisation,<\/li>\n<li>Pr\u00e9paration de p\u00e9titions et de lettres de r\u00e9ponse \u00e0 soumettre \u00e0 l&rsquo;Autorit\u00e9 de la concurrence, repr\u00e9sentation des clients dans la correspondance avec l&rsquo;Autorit\u00e9,<\/li>\n<li>Formation des entreprises et de leurs employ\u00e9s dans le cadre du projet de conformit\u00e9 au droit de la concurrence et r\u00e9alisation d&rsquo;audits internes,<\/li>\n<li>Fournir des services de conseil dans le cadre du droit de la concurrence de l&rsquo;Union europ\u00e9enne et du droit turc,<\/li>\n<li>Repr\u00e9sentation de clients devant l&rsquo;Autorit\u00e9 de la concurrence dans le cadre d&rsquo;enqu\u00eates pr\u00e9liminaires et d&rsquo;enqu\u00eates ouvertes pour des litiges fondamentaux en mati\u00e8re de droit de la concurrence, tels que la cartellisation et l&rsquo;abus de position dominante,<\/li>\n<li>Mener des proc\u00e9dures contentieuses devant les autorit\u00e9s judiciaires administratives dans le cadre de litiges relevant du droit de la concurrence,<\/li>\n<li>Fournir une assistance juridique pour garantir la conformit\u00e9 des accords d&rsquo;entreprise commune, d&rsquo;approvisionnement, de concession exclusive ou de distribution, d&rsquo;agence et de licence avec le droit de la concurrence,<\/li>\n<li>Fournir des services de conseil dans la gestion des processus de d\u00e9termination n\u00e9gative et des demandes d&rsquo;exemption \u00e0 pr\u00e9senter \u00e0 l&rsquo;Autorit\u00e9 de la concurrence et des autorisations \u00e0 obtenir.<\/li>\n<\/ul>\n\t\t\t\t\t\t\t\t<\/div>\n\t\t\t\t<\/div>\n\t\t\t\t\t<\/div>\n\t\t\t\t<\/div>\n\t\t\t\t<\/div>\n\t\t","protected":false},"excerpt":{"rendered":"<p>FAITES CONNAISSANCE AVEC NOS AVOCATS BATTAL LAW fournit des services de conseil en mati\u00e8re de droit de la concurrence. Gr\u00e2ce \u00e0 ces services, il veille \u00e0 ce que ses clients puissent utiliser leur libert\u00e9 commerciale de la mani\u00e8re la plus large possible et \u0153uvre \u00e0 l&rsquo;instauration d&rsquo;une concurrence effective. Notre \u00e9quipe exp\u00e9riment\u00e9e fournit des solutions [&hellip;]<\/p>\n","protected":false},"author":1,"featured_media":0,"parent":0,"menu_order":0,"comment_status":"closed","ping_status":"closed","template":"","meta":{"site-sidebar-layout":"default","site-content-layout":"page-builder","ast-site-content-layout":"full-width-container","site-content-style":"default","site-sidebar-style":"default","ast-global-header-display":"","ast-banner-title-visibility":"","ast-main-header-display":"","ast-hfb-above-header-display":"","ast-hfb-below-header-display":"","ast-hfb-mobile-header-display":"","site-post-title":"disabled","ast-breadcrumbs-content":"","ast-featured-img":"disabled","footer-sml-layout":"","ast-disable-related-posts":"","theme-transparent-header-meta":"","adv-header-id-meta":"","stick-header-meta":"","header-above-stick-meta":"","header-main-stick-meta":"","header-below-stick-meta":"","astra-migrate-meta-layouts":"default","ast-page-background-enabled":"default","ast-page-background-meta":{"desktop":{"background-color":"","background-image":"","background-repeat":"repeat","background-position":"center center","background-size":"auto","background-attachment":"scroll","background-type":"","background-media":"","overlay-type":"","overlay-color":"","overlay-opacity":"","overlay-gradient":""},"tablet":{"background-color":"","background-image":"","background-repeat":"repeat","background-position":"center center","background-size":"auto","background-attachment":"scroll","background-type":"","background-media":"","overlay-type":"","overlay-color":"","overlay-opacity":"","overlay-gradient":""},"mobile":{"background-color":"","background-image":"","background-repeat":"repeat","background-position":"center center","background-size":"auto","background-attachment":"scroll","background-type":"","background-media":"","overlay-type":"","overlay-color":"","overlay-opacity":"","overlay-gradient":""}},"ast-content-background-meta":{"desktop":{"background-color":"var(--ast-global-color-5)","background-image":"","background-repeat":"repeat","background-position":"center center","background-size":"auto","background-attachment":"scroll","background-type":"","background-media":"","overlay-type":"","overlay-color":"","overlay-opacity":"","overlay-gradient":""},"tablet":{"background-color":"var(--ast-global-color-5)","background-image":"","background-repeat":"repeat","background-position":"center center","background-size":"auto","background-attachment":"scroll","background-type":"","background-media":"","overlay-type":"","overlay-color":"","overlay-opacity":"","overlay-gradient":""},"mobile":{"background-color":"var(--ast-global-color-5)","background-image":"","background-repeat":"repeat","background-position":"center center","background-size":"auto","background-attachment":"scroll","background-type":"","background-media":"","overlay-type":"","overlay-color":"","overlay-opacity":"","overlay-gradient":""}},"footnotes":""},"class_list":["post-2366","page","type-page","status-publish","hentry"],"_links":{"self":[{"href":"https:\/\/battallaw.com\/fr\/wp-json\/wp\/v2\/pages\/2366","targetHints":{"allow":["GET"]}}],"collection":[{"href":"https:\/\/battallaw.com\/fr\/wp-json\/wp\/v2\/pages"}],"about":[{"href":"https:\/\/battallaw.com\/fr\/wp-json\/wp\/v2\/types\/page"}],"author":[{"embeddable":true,"href":"https:\/\/battallaw.com\/fr\/wp-json\/wp\/v2\/users\/1"}],"replies":[{"embeddable":true,"href":"https:\/\/battallaw.com\/fr\/wp-json\/wp\/v2\/comments?post=2366"}],"version-history":[{"count":1,"href":"https:\/\/battallaw.com\/fr\/wp-json\/wp\/v2\/pages\/2366\/revisions"}],"predecessor-version":[{"id":2367,"href":"https:\/\/battallaw.com\/fr\/wp-json\/wp\/v2\/pages\/2366\/revisions\/2367"}],"wp:attachment":[{"href":"https:\/\/battallaw.com\/fr\/wp-json\/wp\/v2\/media?parent=2366"}],"curies":[{"name":"wp","href":"https:\/\/api.w.org\/{rel}","templated":true}]}}