{"id":2373,"date":"2024-05-27T00:54:48","date_gmt":"2024-05-26T21:54:48","guid":{"rendered":"https:\/\/battallaw.com\/droit-de-la-sante\/"},"modified":"2024-09-03T11:13:21","modified_gmt":"2024-09-03T08:13:21","slug":"droit-de-la-sante","status":"publish","type":"page","link":"https:\/\/battallaw.com\/fr\/droit-de-la-sante\/","title":{"rendered":"Droit de la sant\u00e9"},"content":{"rendered":"\t\t<div data-elementor-type=\"wp-page\" data-elementor-id=\"2373\" class=\"elementor elementor-2373 elementor-2039\">\n\t\t\t\t<div class=\"elementor-element elementor-element-602b1cc e-flex e-con-boxed e-con e-parent\" data-id=\"602b1cc\" data-element_type=\"container\" data-e-type=\"container\" data-settings=\"{&quot;background_background&quot;:&quot;classic&quot;}\">\n\t\t\t\t\t<div class=\"e-con-inner\">\n\t\t<div class=\"elementor-element elementor-element-9535858 e-con-full e-flex e-con e-child\" data-id=\"9535858\" data-element_type=\"container\" data-e-type=\"container\">\n\t\t\t\t<div class=\"elementor-element elementor-element-48439a8 elementor-align-center elementor-widget elementor-widget-button\" data-id=\"48439a8\" data-element_type=\"widget\" data-e-type=\"widget\" data-widget_type=\"button.default\">\n\t\t\t\t<div class=\"elementor-widget-container\">\n\t\t\t\t\t\t\t\t\t<div class=\"elementor-button-wrapper\">\n\t\t\t\t\t<a class=\"elementor-button elementor-button-link elementor-size-sm\" href=\"#\">\n\t\t\t\t\t\t<span class=\"elementor-button-content-wrapper\">\n\t\t\t\t\t\t\t\t\t<span class=\"elementor-button-text\">FAITES CONNAISSANCE AVEC NOS AVOCATS<\/span>\n\t\t\t\t\t<\/span>\n\t\t\t\t\t<\/a>\n\t\t\t\t<\/div>\n\t\t\t\t\t\t\t\t<\/div>\n\t\t\t\t<\/div>\n\t\t\t\t<\/div>\n\t\t\t\t\t<\/div>\n\t\t\t\t<\/div>\n\t\t<div class=\"elementor-element elementor-element-d48012f e-flex e-con-boxed e-con e-parent\" data-id=\"d48012f\" data-element_type=\"container\" data-e-type=\"container\">\n\t\t\t\t\t<div class=\"e-con-inner\">\n\t\t\t\t<div class=\"elementor-element elementor-element-297b49b elementor-widget elementor-widget-text-editor\" data-id=\"297b49b\" data-element_type=\"widget\" data-e-type=\"widget\" data-widget_type=\"text-editor.default\">\n\t\t\t\t<div class=\"elementor-widget-container\">\n\t\t\t\t\t\t\t\t\t<p>Le droit de la sant\u00e9, l&rsquo;un des principaux domaines d&rsquo;activit\u00e9 de BATTAL LAW, constitue le cadre juridique de la relation \u00e9tablie entre les \u00e9tablissements de sant\u00e9 et les patients. Nos avocats exp\u00e9riment\u00e9s aident leurs clients \u00e0 r\u00e9soudre les litiges dans ce domaine. Ils les aident \u00e0 r\u00e9soudre tous les types de probl\u00e8mes qui peuvent se poser en mati\u00e8re de droit de la sant\u00e9.  <\/p>\n<p>Travaillant dans le secteur de la sant\u00e9, notre \u00e9quipe fournit des services aux clients dans l&rsquo;ex\u00e9cution des proc\u00e9dures de licence et de distribution, ainsi que dans la pr\u00e9paration et la n\u00e9gociation d&rsquo;accords de fabrication sous contrat.<\/p>\n<p>Les principales \u00e9tudes que nous avons r\u00e9alis\u00e9es dans le domaine du droit de la sant\u00e9 sont les suivantes :<\/p>\n\t\t\t\t\t\t\t\t<\/div>\n\t\t\t\t<\/div>\n\t\t\t\t\t<\/div>\n\t\t\t\t<\/div>\n\t\t<div class=\"elementor-element elementor-element-677d278 e-flex e-con-boxed e-con e-parent\" data-id=\"677d278\" data-element_type=\"container\" data-e-type=\"container\">\n\t\t\t\t\t<div class=\"e-con-inner\">\n\t\t\t\t<div class=\"elementor-element elementor-element-2ad9bf7 elementor-widget elementor-widget-text-editor\" data-id=\"2ad9bf7\" data-element_type=\"widget\" data-e-type=\"widget\" data-widget_type=\"text-editor.default\">\n\t\t\t\t<div class=\"elementor-widget-container\">\n\t\t\t\t\t\t\t\t\t<ul>\n<li>Les poursuites li\u00e9es \u00e0 la responsabilit\u00e9 des m\u00e9decins,<\/li>\n<li>Contentieux des fautes professionnelles,<\/li>\n<li>Les proc\u00e8s li\u00e9s \u00e0 la protection des droits des patients,<\/li>\n<li>Transferts de licences, accords de co-marketing et d&rsquo;essais cliniques<\/li>\n<li>Vente de m\u00e9dicaments sans licence,<\/li>\n<li>Relations avec les professionnels de la sant\u00e9 pour les dispositifs m\u00e9dicaux et les m\u00e9dicaments,<\/li>\n<li>Relations avec les professionnels de la sant\u00e9 pour les dispositifs m\u00e9dicaux et les m\u00e9dicaments,<\/li>\n<li>Contrats tripartites de recherche clinique,<\/li>\n<li>Activit\u00e9s de vente et de promotion avant autorisation,<\/li>\n<li>R\u00e9glementations pharmaceutiques applicables en Turquie, notamment en mati\u00e8re d&rsquo;autorisation, de tarification et de promotion.<\/li>\n<\/ul>\n\t\t\t\t\t\t\t\t<\/div>\n\t\t\t\t<\/div>\n\t\t\t\t\t<\/div>\n\t\t\t\t<\/div>\n\t\t\t\t<\/div>\n\t\t","protected":false},"excerpt":{"rendered":"<p>FAITES CONNAISSANCE AVEC NOS AVOCATS Le droit de la sant\u00e9, l&rsquo;un des principaux domaines d&rsquo;activit\u00e9 de BATTAL LAW, constitue le cadre juridique de la relation \u00e9tablie entre les \u00e9tablissements de sant\u00e9 et les patients. Nos avocats exp\u00e9riment\u00e9s aident leurs clients \u00e0 r\u00e9soudre les litiges dans ce domaine. Ils les aident \u00e0 r\u00e9soudre tous les types [&hellip;]<\/p>\n","protected":false},"author":1,"featured_media":0,"parent":0,"menu_order":0,"comment_status":"closed","ping_status":"closed","template":"","meta":{"site-sidebar-layout":"default","site-content-layout":"page-builder","ast-site-content-layout":"full-width-container","site-content-style":"default","site-sidebar-style":"default","ast-global-header-display":"","ast-banner-title-visibility":"","ast-main-header-display":"","ast-hfb-above-header-display":"","ast-hfb-below-header-display":"","ast-hfb-mobile-header-display":"","site-post-title":"disabled","ast-breadcrumbs-content":"","ast-featured-img":"disabled","footer-sml-layout":"","ast-disable-related-posts":"","theme-transparent-header-meta":"","adv-header-id-meta":"","stick-header-meta":"","header-above-stick-meta":"","header-main-stick-meta":"","header-below-stick-meta":"","astra-migrate-meta-layouts":"default","ast-page-background-enabled":"default","ast-page-background-meta":{"desktop":{"background-color":"","background-image":"","background-repeat":"repeat","background-position":"center center","background-size":"auto","background-attachment":"scroll","background-type":"","background-media":"","overlay-type":"","overlay-color":"","overlay-opacity":"","overlay-gradient":""},"tablet":{"background-color":"","background-image":"","background-repeat":"repeat","background-position":"center center","background-size":"auto","background-attachment":"scroll","background-type":"","background-media":"","overlay-type":"","overlay-color":"","overlay-opacity":"","overlay-gradient":""},"mobile":{"background-color":"","background-image":"","background-repeat":"repeat","background-position":"center center","background-size":"auto","background-attachment":"scroll","background-type":"","background-media":"","overlay-type":"","overlay-color":"","overlay-opacity":"","overlay-gradient":""}},"ast-content-background-meta":{"desktop":{"background-color":"var(--ast-global-color-5)","background-image":"","background-repeat":"repeat","background-position":"center center","background-size":"auto","background-attachment":"scroll","background-type":"","background-media":"","overlay-type":"","overlay-color":"","overlay-opacity":"","overlay-gradient":""},"tablet":{"background-color":"var(--ast-global-color-5)","background-image":"","background-repeat":"repeat","background-position":"center center","background-size":"auto","background-attachment":"scroll","background-type":"","background-media":"","overlay-type":"","overlay-color":"","overlay-opacity":"","overlay-gradient":""},"mobile":{"background-color":"var(--ast-global-color-5)","background-image":"","background-repeat":"repeat","background-position":"center center","background-size":"auto","background-attachment":"scroll","background-type":"","background-media":"","overlay-type":"","overlay-color":"","overlay-opacity":"","overlay-gradient":""}},"footnotes":""},"class_list":["post-2373","page","type-page","status-publish","hentry"],"_links":{"self":[{"href":"https:\/\/battallaw.com\/fr\/wp-json\/wp\/v2\/pages\/2373","targetHints":{"allow":["GET"]}}],"collection":[{"href":"https:\/\/battallaw.com\/fr\/wp-json\/wp\/v2\/pages"}],"about":[{"href":"https:\/\/battallaw.com\/fr\/wp-json\/wp\/v2\/types\/page"}],"author":[{"embeddable":true,"href":"https:\/\/battallaw.com\/fr\/wp-json\/wp\/v2\/users\/1"}],"replies":[{"embeddable":true,"href":"https:\/\/battallaw.com\/fr\/wp-json\/wp\/v2\/comments?post=2373"}],"version-history":[{"count":1,"href":"https:\/\/battallaw.com\/fr\/wp-json\/wp\/v2\/pages\/2373\/revisions"}],"predecessor-version":[{"id":2374,"href":"https:\/\/battallaw.com\/fr\/wp-json\/wp\/v2\/pages\/2373\/revisions\/2374"}],"wp:attachment":[{"href":"https:\/\/battallaw.com\/fr\/wp-json\/wp\/v2\/media?parent=2373"}],"curies":[{"name":"wp","href":"https:\/\/api.w.org\/{rel}","templated":true}]}}