{"id":2391,"date":"2024-05-27T00:42:25","date_gmt":"2024-05-26T21:42:25","guid":{"rendered":"https:\/\/battallaw.com\/droit-des-societes\/"},"modified":"2024-09-03T11:39:50","modified_gmt":"2024-09-03T08:39:50","slug":"droit-des-societes","status":"publish","type":"page","link":"https:\/\/battallaw.com\/fr\/droit-des-societes\/","title":{"rendered":"Droit des soci\u00e9t\u00e9s"},"content":{"rendered":"\t\t<div data-elementor-type=\"wp-page\" data-elementor-id=\"2391\" class=\"elementor elementor-2391 elementor-2007\">\n\t\t\t\t<div class=\"elementor-element elementor-element-602b1cc e-flex e-con-boxed e-con e-parent\" data-id=\"602b1cc\" data-element_type=\"container\" data-e-type=\"container\" data-settings=\"{&quot;background_background&quot;:&quot;classic&quot;}\">\n\t\t\t\t\t<div class=\"e-con-inner\">\n\t\t<div class=\"elementor-element elementor-element-9535858 e-con-full e-flex e-con e-child\" data-id=\"9535858\" data-element_type=\"container\" data-e-type=\"container\">\n\t\t\t\t<div class=\"elementor-element elementor-element-48439a8 elementor-align-center elementor-widget elementor-widget-button\" data-id=\"48439a8\" data-element_type=\"widget\" data-e-type=\"widget\" data-widget_type=\"button.default\">\n\t\t\t\t<div class=\"elementor-widget-container\">\n\t\t\t\t\t\t\t\t\t<div class=\"elementor-button-wrapper\">\n\t\t\t\t\t<a class=\"elementor-button elementor-button-link elementor-size-sm\" href=\"#\">\n\t\t\t\t\t\t<span class=\"elementor-button-content-wrapper\">\n\t\t\t\t\t\t\t\t\t<span class=\"elementor-button-text\">FAITES CONNAISSANCE AVEC NOS AVOCATS<\/span>\n\t\t\t\t\t<\/span>\n\t\t\t\t\t<\/a>\n\t\t\t\t<\/div>\n\t\t\t\t\t\t\t\t<\/div>\n\t\t\t\t<\/div>\n\t\t\t\t<\/div>\n\t\t\t\t\t<\/div>\n\t\t\t\t<\/div>\n\t\t<div class=\"elementor-element elementor-element-d48012f e-flex e-con-boxed e-con e-parent\" data-id=\"d48012f\" data-element_type=\"container\" data-e-type=\"container\">\n\t\t\t\t\t<div class=\"e-con-inner\">\n\t\t\t\t<div class=\"elementor-element elementor-element-297b49b elementor-widget elementor-widget-text-editor\" data-id=\"297b49b\" data-element_type=\"widget\" data-e-type=\"widget\" data-widget_type=\"text-editor.default\">\n\t\t\t\t<div class=\"elementor-widget-container\">\n\t\t\t\t\t\t\t\t\t<p>BATTAL LAW propose toutes sortes d\u2019accompagnement juridique aux soci\u00e9t\u00e9s commerciales et partenariats avec son \u00e9quipe juridique exp\u00e9riment\u00e9e dans le domaine du droit des soci\u00e9t\u00e9s. Nos avocats assistent au mieux nos clients en leur fournissant des services de conseil pour les d\u00e9cisions d&rsquo;assembl\u00e9es g\u00e9n\u00e9rales des soci\u00e9t\u00e9s, les d\u00e9cisions qualifi\u00e9es des conseils d&rsquo;administration, les modifications des statuts telles que les augmentations et r\u00e9ductions de capital, les fusions d&rsquo;entreprises, les scissions, les r\u00e9organisations, les coentreprises. et les op\u00e9rations de transfert d&rsquo;actions. Notre \u00e9quipe, dot\u00e9e d&rsquo;une exp\u00e9rience significative, propose \u00e9galement des services de conseil expert dans la cr\u00e9ation de bureaux de liaison ou de succursales de soci\u00e9t\u00e9s, la prise de d\u00e9cisions de conseils d&rsquo;administration, la conduite d&rsquo;assembl\u00e9es g\u00e9n\u00e9rales et la prise de d\u00e9cisions d&rsquo;augmentation ou de diminution de capital.  <\/p>\n\t\t\t\t\t\t\t\t<\/div>\n\t\t\t\t<\/div>\n\t\t\t\t\t<\/div>\n\t\t\t\t<\/div>\n\t\t<div class=\"elementor-element elementor-element-f0920f9 e-flex e-con-boxed e-con e-parent\" data-id=\"f0920f9\" data-element_type=\"container\" data-e-type=\"container\">\n\t\t\t\t\t<div class=\"e-con-inner\">\n\t\t\t\t<div class=\"elementor-element elementor-element-d0e098a elementor-widget elementor-widget-text-editor\" data-id=\"d0e098a\" data-element_type=\"widget\" data-e-type=\"widget\" data-widget_type=\"text-editor.default\">\n\t\t\t\t<div class=\"elementor-widget-container\">\n\t\t\t\t\t\t\t\t\t<ul>\n<li>\n<ul>\n<li>Questions li\u00e9es au droit de la sant\u00e9 et de la s\u00e9curit\u00e9 du travail,<\/li>\n<li>Avantages et r\u00e9mun\u00e9rations accord\u00e9s aux salari\u00e9s,<\/li>\n<li>Examen et modification des r\u00e9glementations\/politiques de l&rsquo;entreprise sur le lieu de travail,<\/li>\n<li>R\u00e9vision et modification des contrats,<\/li>\n<li>Fournir des services de conseil sur les conventions collectives et les relations avec les syndicats,<\/li>\n<li>Questions li\u00e9es \u00e0 la pr\u00e9vention de la discrimination,<\/li>\n<li>Droit de l&rsquo;immigration (permis de s\u00e9jour et de travail, visas sp\u00e9ciaux),<\/li>\n<li>Accords de rupture mutuelle, \u00e9valuations des risques de rupture des contrats de travail,<\/li>\n<li>R\u00e9solution des litiges, y compris litiges et m\u00e9diation<\/li>\n<li>Questions li\u00e9es au droit de la s\u00e9curit\u00e9 sociale<\/li>\n<\/ul>\n<\/li>\n<\/ul>\n\t\t\t\t\t\t\t\t<\/div>\n\t\t\t\t<\/div>\n\t\t\t\t\t<\/div>\n\t\t\t\t<\/div>\n\t\t\t\t<\/div>\n\t\t","protected":false},"excerpt":{"rendered":"<p>FAITES CONNAISSANCE AVEC NOS AVOCATS BATTAL LAW propose toutes sortes d\u2019accompagnement juridique aux soci\u00e9t\u00e9s commerciales et partenariats avec son \u00e9quipe juridique exp\u00e9riment\u00e9e dans le domaine du droit des soci\u00e9t\u00e9s. Nos avocats assistent au mieux nos clients en leur fournissant des services de conseil pour les d\u00e9cisions d&rsquo;assembl\u00e9es g\u00e9n\u00e9rales des soci\u00e9t\u00e9s, les d\u00e9cisions qualifi\u00e9es des conseils [&hellip;]<\/p>\n","protected":false},"author":1,"featured_media":0,"parent":0,"menu_order":0,"comment_status":"closed","ping_status":"closed","template":"","meta":{"site-sidebar-layout":"default","site-content-layout":"page-builder","ast-site-content-layout":"full-width-container","site-content-style":"default","site-sidebar-style":"default","ast-global-header-display":"","ast-banner-title-visibility":"","ast-main-header-display":"","ast-hfb-above-header-display":"","ast-hfb-below-header-display":"","ast-hfb-mobile-header-display":"","site-post-title":"disabled","ast-breadcrumbs-content":"","ast-featured-img":"disabled","footer-sml-layout":"","ast-disable-related-posts":"","theme-transparent-header-meta":"","adv-header-id-meta":"","stick-header-meta":"","header-above-stick-meta":"","header-main-stick-meta":"","header-below-stick-meta":"","astra-migrate-meta-layouts":"default","ast-page-background-enabled":"default","ast-page-background-meta":{"desktop":{"background-color":"","background-image":"","background-repeat":"repeat","background-position":"center center","background-size":"auto","background-attachment":"scroll","background-type":"","background-media":"","overlay-type":"","overlay-color":"","overlay-opacity":"","overlay-gradient":""},"tablet":{"background-color":"","background-image":"","background-repeat":"repeat","background-position":"center center","background-size":"auto","background-attachment":"scroll","background-type":"","background-media":"","overlay-type":"","overlay-color":"","overlay-opacity":"","overlay-gradient":""},"mobile":{"background-color":"","background-image":"","background-repeat":"repeat","background-position":"center center","background-size":"auto","background-attachment":"scroll","background-type":"","background-media":"","overlay-type":"","overlay-color":"","overlay-opacity":"","overlay-gradient":""}},"ast-content-background-meta":{"desktop":{"background-color":"var(--ast-global-color-5)","background-image":"","background-repeat":"repeat","background-position":"center center","background-size":"auto","background-attachment":"scroll","background-type":"","background-media":"","overlay-type":"","overlay-color":"","overlay-opacity":"","overlay-gradient":""},"tablet":{"background-color":"var(--ast-global-color-5)","background-image":"","background-repeat":"repeat","background-position":"center center","background-size":"auto","background-attachment":"scroll","background-type":"","background-media":"","overlay-type":"","overlay-color":"","overlay-opacity":"","overlay-gradient":""},"mobile":{"background-color":"var(--ast-global-color-5)","background-image":"","background-repeat":"repeat","background-position":"center center","background-size":"auto","background-attachment":"scroll","background-type":"","background-media":"","overlay-type":"","overlay-color":"","overlay-opacity":"","overlay-gradient":""}},"footnotes":""},"class_list":["post-2391","page","type-page","status-publish","hentry"],"_links":{"self":[{"href":"https:\/\/battallaw.com\/fr\/wp-json\/wp\/v2\/pages\/2391","targetHints":{"allow":["GET"]}}],"collection":[{"href":"https:\/\/battallaw.com\/fr\/wp-json\/wp\/v2\/pages"}],"about":[{"href":"https:\/\/battallaw.com\/fr\/wp-json\/wp\/v2\/types\/page"}],"author":[{"embeddable":true,"href":"https:\/\/battallaw.com\/fr\/wp-json\/wp\/v2\/users\/1"}],"replies":[{"embeddable":true,"href":"https:\/\/battallaw.com\/fr\/wp-json\/wp\/v2\/comments?post=2391"}],"version-history":[{"count":1,"href":"https:\/\/battallaw.com\/fr\/wp-json\/wp\/v2\/pages\/2391\/revisions"}],"predecessor-version":[{"id":2392,"href":"https:\/\/battallaw.com\/fr\/wp-json\/wp\/v2\/pages\/2391\/revisions\/2392"}],"wp:attachment":[{"href":"https:\/\/battallaw.com\/fr\/wp-json\/wp\/v2\/media?parent=2391"}],"curies":[{"name":"wp","href":"https:\/\/api.w.org\/{rel}","templated":true}]}}