{"id":2412,"date":"2024-05-27T00:46:28","date_gmt":"2024-05-26T21:46:28","guid":{"rendered":"https:\/\/battallaw.com\/droit-fiscal\/"},"modified":"2024-09-03T12:02:52","modified_gmt":"2024-09-03T09:02:52","slug":"droit-fiscal","status":"publish","type":"page","link":"https:\/\/battallaw.com\/fr\/droit-fiscal\/","title":{"rendered":"Droit fiscal"},"content":{"rendered":"\t\t<div data-elementor-type=\"wp-page\" data-elementor-id=\"2412\" class=\"elementor elementor-2412\">\n\t\t\t\t<div class=\"elementor-element elementor-element-602b1cc e-flex e-con-boxed e-con e-parent\" data-id=\"602b1cc\" data-element_type=\"container\" data-e-type=\"container\" data-settings=\"{&quot;background_background&quot;:&quot;classic&quot;}\">\n\t\t\t\t\t<div class=\"e-con-inner\">\n\t\t<div class=\"elementor-element elementor-element-9535858 e-con-full e-flex e-con e-child\" data-id=\"9535858\" data-element_type=\"container\" data-e-type=\"container\">\n\t\t\t\t<div class=\"elementor-element elementor-element-48439a8 elementor-align-center elementor-widget elementor-widget-button\" data-id=\"48439a8\" data-element_type=\"widget\" data-e-type=\"widget\" data-widget_type=\"button.default\">\n\t\t\t\t<div class=\"elementor-widget-container\">\n\t\t\t\t\t\t\t\t\t<div class=\"elementor-button-wrapper\">\n\t\t\t\t\t<a class=\"elementor-button elementor-button-link elementor-size-sm\" href=\"#\">\n\t\t\t\t\t\t<span class=\"elementor-button-content-wrapper\">\n\t\t\t\t\t\t\t\t\t<span class=\"elementor-button-text\">FAITES CONNAISSANCE AVEC NOS AVOCATS<\/span>\n\t\t\t\t\t<\/span>\n\t\t\t\t\t<\/a>\n\t\t\t\t<\/div>\n\t\t\t\t\t\t\t\t<\/div>\n\t\t\t\t<\/div>\n\t\t\t\t<\/div>\n\t\t\t\t\t<\/div>\n\t\t\t\t<\/div>\n\t\t<div class=\"elementor-element elementor-element-d48012f e-flex e-con-boxed e-con e-parent\" data-id=\"d48012f\" data-element_type=\"container\" data-e-type=\"container\">\n\t\t\t\t\t<div class=\"e-con-inner\">\n\t\t\t\t<div class=\"elementor-element elementor-element-297b49b elementor-widget elementor-widget-text-editor\" data-id=\"297b49b\" data-element_type=\"widget\" data-e-type=\"widget\" data-widget_type=\"text-editor.default\">\n\t\t\t\t<div class=\"elementor-widget-container\">\n\t\t\t\t\t\t\t\t\t<p>Le droit fiscal est une branche du droit qui examine les relations fiscales entre l&rsquo;\u00c9tat et les contribuables, et la demande d&rsquo;experts exp\u00e9riment\u00e9s dans ce domaine augmente de jour en jour. Le personnel expert exp\u00e9riment\u00e9 de BATTAL LAW offre \u00e0 ses clients des solutions rapides et fiables sur toutes les questions li\u00e9es au droit fiscal. <\/p>\n<p>De nombreuses probl\u00e9matiques telles que le r\u00e8glement des litiges, la planification fiscale, les prix de transfert et les taxes indirectes font partie des domaines d&rsquo;expertise de notre \u00e9quipe. Notre \u00e9quipe, sp\u00e9cialis\u00e9e dans les prix de transfert, la r\u00e9solution des litiges fiscaux et la gestion d&rsquo;actifs, fournit \u00e9galement des services de conseil fiscal aux clients locaux et \u00e9trangers. <\/p>\n<p>Les principaux services que nous proposons dans le cadre du droit fiscal sont :<\/p>\n\t\t\t\t\t\t\t\t<\/div>\n\t\t\t\t<\/div>\n\t\t\t\t\t<\/div>\n\t\t\t\t<\/div>\n\t\t<div class=\"elementor-element elementor-element-e77c932 e-flex e-con-boxed e-con e-parent\" data-id=\"e77c932\" data-element_type=\"container\" data-e-type=\"container\">\n\t\t\t\t\t<div class=\"e-con-inner\">\n\t\t\t\t<div class=\"elementor-element elementor-element-77d75e4 elementor-widget elementor-widget-text-editor\" data-id=\"77d75e4\" data-element_type=\"widget\" data-e-type=\"widget\" data-widget_type=\"text-editor.default\">\n\t\t\t\t<div class=\"elementor-widget-container\">\n\t\t\t\t\t\t\t\t\t<ul>\n<li>Pr\u00e9parer les requ\u00eates concernant les dossiers fiscaux et mener \u00e0 bien les d\u00e9marches,<\/li>\n<li>Planification et structuration fiscale,<\/li>\n<li>R\u00e9aliser le traitement du dossier d\u2019annulation de l\u2019avis de p\u00e9nalit\u00e9 fiscale,<\/li>\n<li>Suivi des op\u00e9rations de saisie,<\/li>\n<li>Effectuer les recours administratifs n\u00e9cessaires contre les p\u00e9nalit\u00e9s impos\u00e9es par l&rsquo;administration fiscale,<\/li>\n<li>prix de transfert,<\/li>\n<li>Affaires concernant les d\u00e9lits fiscaux, les d\u00e9lits et les sanctions,<\/li>\n<li>Affaires concernant les taxes et obligations financi\u00e8res similaires et leurs p\u00e9nalit\u00e9s impos\u00e9es conform\u00e9ment \u00e0 la loi douani\u00e8re,<\/li>\n<li>Corriger les erreurs fiscales r\u00e9sultant d&rsquo;erreurs de calcul,<\/li>\n<li>Correction d&rsquo;une d\u00e9claration de revenus incompl\u00e8te ou erron\u00e9e,<\/li>\n<li>D\u00e9ductions fiscales pour les salari\u00e9s et les entreprises,<\/li>\n<li>R\u00e9solution des litiges fiscaux.<\/li>\n<\/ul>\n\t\t\t\t\t\t\t\t<\/div>\n\t\t\t\t<\/div>\n\t\t\t\t\t<\/div>\n\t\t\t\t<\/div>\n\t\t\t\t<\/div>\n\t\t","protected":false},"excerpt":{"rendered":"<p>FAITES CONNAISSANCE AVEC NOS AVOCATS Le droit fiscal est une branche du droit qui examine les relations fiscales entre l&rsquo;\u00c9tat et les contribuables, et la demande d&rsquo;experts exp\u00e9riment\u00e9s dans ce domaine augmente de jour en jour. Le personnel expert exp\u00e9riment\u00e9 de BATTAL LAW offre \u00e0 ses clients des solutions rapides et fiables sur toutes les [&hellip;]<\/p>\n","protected":false},"author":1,"featured_media":0,"parent":0,"menu_order":0,"comment_status":"closed","ping_status":"closed","template":"","meta":{"site-sidebar-layout":"default","site-content-layout":"page-builder","ast-site-content-layout":"full-width-container","site-content-style":"default","site-sidebar-style":"default","ast-global-header-display":"","ast-banner-title-visibility":"","ast-main-header-display":"","ast-hfb-above-header-display":"","ast-hfb-below-header-display":"","ast-hfb-mobile-header-display":"","site-post-title":"disabled","ast-breadcrumbs-content":"","ast-featured-img":"disabled","footer-sml-layout":"","ast-disable-related-posts":"","theme-transparent-header-meta":"","adv-header-id-meta":"","stick-header-meta":"","header-above-stick-meta":"","header-main-stick-meta":"","header-below-stick-meta":"","astra-migrate-meta-layouts":"default","ast-page-background-enabled":"default","ast-page-background-meta":{"desktop":{"background-color":"","background-image":"","background-repeat":"repeat","background-position":"center center","background-size":"auto","background-attachment":"scroll","background-type":"","background-media":"","overlay-type":"","overlay-color":"","overlay-opacity":"","overlay-gradient":""},"tablet":{"background-color":"","background-image":"","background-repeat":"repeat","background-position":"center center","background-size":"auto","background-attachment":"scroll","background-type":"","background-media":"","overlay-type":"","overlay-color":"","overlay-opacity":"","overlay-gradient":""},"mobile":{"background-color":"","background-image":"","background-repeat":"repeat","background-position":"center center","background-size":"auto","background-attachment":"scroll","background-type":"","background-media":"","overlay-type":"","overlay-color":"","overlay-opacity":"","overlay-gradient":""}},"ast-content-background-meta":{"desktop":{"background-color":"var(--ast-global-color-5)","background-image":"","background-repeat":"repeat","background-position":"center center","background-size":"auto","background-attachment":"scroll","background-type":"","background-media":"","overlay-type":"","overlay-color":"","overlay-opacity":"","overlay-gradient":""},"tablet":{"background-color":"var(--ast-global-color-5)","background-image":"","background-repeat":"repeat","background-position":"center center","background-size":"auto","background-attachment":"scroll","background-type":"","background-media":"","overlay-type":"","overlay-color":"","overlay-opacity":"","overlay-gradient":""},"mobile":{"background-color":"var(--ast-global-color-5)","background-image":"","background-repeat":"repeat","background-position":"center center","background-size":"auto","background-attachment":"scroll","background-type":"","background-media":"","overlay-type":"","overlay-color":"","overlay-opacity":"","overlay-gradient":""}},"footnotes":""},"class_list":["post-2412","page","type-page","status-publish","hentry"],"_links":{"self":[{"href":"https:\/\/battallaw.com\/fr\/wp-json\/wp\/v2\/pages\/2412","targetHints":{"allow":["GET"]}}],"collection":[{"href":"https:\/\/battallaw.com\/fr\/wp-json\/wp\/v2\/pages"}],"about":[{"href":"https:\/\/battallaw.com\/fr\/wp-json\/wp\/v2\/types\/page"}],"author":[{"embeddable":true,"href":"https:\/\/battallaw.com\/fr\/wp-json\/wp\/v2\/users\/1"}],"replies":[{"embeddable":true,"href":"https:\/\/battallaw.com\/fr\/wp-json\/wp\/v2\/comments?post=2412"}],"version-history":[{"count":1,"href":"https:\/\/battallaw.com\/fr\/wp-json\/wp\/v2\/pages\/2412\/revisions"}],"predecessor-version":[{"id":2413,"href":"https:\/\/battallaw.com\/fr\/wp-json\/wp\/v2\/pages\/2412\/revisions\/2413"}],"wp:attachment":[{"href":"https:\/\/battallaw.com\/fr\/wp-json\/wp\/v2\/media?parent=2412"}],"curies":[{"name":"wp","href":"https:\/\/api.w.org\/{rel}","templated":true}]}}