{"id":2414,"date":"2024-05-27T00:07:29","date_gmt":"2024-05-26T21:07:29","guid":{"rendered":"https:\/\/battallaw.com\/droit-du-travail\/"},"modified":"2024-09-03T12:06:39","modified_gmt":"2024-09-03T09:06:39","slug":"droit-du-travail","status":"publish","type":"page","link":"https:\/\/battallaw.com\/fr\/droit-du-travail\/","title":{"rendered":"Droit du travail"},"content":{"rendered":"\t\t<div data-elementor-type=\"wp-page\" data-elementor-id=\"2414\" class=\"elementor elementor-2414 elementor-1944\">\n\t\t\t\t<div class=\"elementor-element elementor-element-602b1cc e-flex e-con-boxed e-con e-parent\" data-id=\"602b1cc\" data-element_type=\"container\" data-e-type=\"container\" data-settings=\"{&quot;background_background&quot;:&quot;classic&quot;}\">\n\t\t\t\t\t<div class=\"e-con-inner\">\n\t\t<div class=\"elementor-element elementor-element-9535858 e-con-full e-flex e-con e-child\" data-id=\"9535858\" data-element_type=\"container\" data-e-type=\"container\">\n\t\t\t\t<div class=\"elementor-element elementor-element-48439a8 elementor-align-center elementor-widget elementor-widget-button\" data-id=\"48439a8\" data-element_type=\"widget\" data-e-type=\"widget\" data-widget_type=\"button.default\">\n\t\t\t\t<div class=\"elementor-widget-container\">\n\t\t\t\t\t\t\t\t\t<div class=\"elementor-button-wrapper\">\n\t\t\t\t\t<a class=\"elementor-button elementor-button-link elementor-size-sm\" href=\"#\">\n\t\t\t\t\t\t<span class=\"elementor-button-content-wrapper\">\n\t\t\t\t\t\t\t\t\t<span class=\"elementor-button-text\">FAITES CONNAISSANCE AVEC NOS AVOCATS<\/span>\n\t\t\t\t\t<\/span>\n\t\t\t\t\t<\/a>\n\t\t\t\t<\/div>\n\t\t\t\t\t\t\t\t<\/div>\n\t\t\t\t<\/div>\n\t\t\t\t<\/div>\n\t\t\t\t\t<\/div>\n\t\t\t\t<\/div>\n\t\t<div class=\"elementor-element elementor-element-d48012f e-flex e-con-boxed e-con e-parent\" data-id=\"d48012f\" data-element_type=\"container\" data-e-type=\"container\">\n\t\t\t\t\t<div class=\"e-con-inner\">\n\t\t\t\t<div class=\"elementor-element elementor-element-297b49b elementor-widget elementor-widget-text-editor\" data-id=\"297b49b\" data-element_type=\"widget\" data-e-type=\"widget\" data-widget_type=\"text-editor.default\">\n\t\t\t\t<div class=\"elementor-widget-container\">\n\t\t\t\t\t\t\t\t\t<p>L\u2019\u00e9quipe d\u2019experts de BATTAL LAW poss\u00e8de des connaissances approfondies dans les domaines du droit collectif du travail, du droit de la sant\u00e9 et de la s\u00e9curit\u00e9 au travail, du droit de la s\u00e9curit\u00e9 sociale et du droit de l\u2019immigration.<\/p>\n<p>Il vise \u00e0 apporter des solutions pratiques et efficaces pour r\u00e9soudre les diff\u00e9rends dans ce domaine. Les groupes de clients b\u00e9n\u00e9ficient du soutien d&rsquo;experts pour r\u00e9soudre toutes sortes de probl\u00e8mes juridiques li\u00e9s aux contrats de travail individuels ou collectifs. <\/p>\n<p>Les avocats exp\u00e9riment\u00e9s de BATTAL LAW produisent des solutions personnalis\u00e9es en accord avec les besoins sp\u00e9cifiques de leurs clients. C&rsquo;est un partenaire de solution fiable et efficace pour r\u00e9soudre toutes sortes de probl\u00e8mes dans le domaine du droit du travail. <\/p>\n\t\t\t\t\t\t\t\t<\/div>\n\t\t\t\t<\/div>\n\t\t\t\t\t<\/div>\n\t\t\t\t<\/div>\n\t\t<div class=\"elementor-element elementor-element-f0920f9 e-flex e-con-boxed e-con e-parent\" data-id=\"f0920f9\" data-element_type=\"container\" data-e-type=\"container\">\n\t\t\t\t\t<div class=\"e-con-inner\">\n\t\t\t\t<div class=\"elementor-element elementor-element-d0e098a elementor-widget elementor-widget-text-editor\" data-id=\"d0e098a\" data-element_type=\"widget\" data-e-type=\"widget\" data-widget_type=\"text-editor.default\">\n\t\t\t\t<div class=\"elementor-widget-container\">\n\t\t\t\t\t\t\t\t\t<ul>\n<li>R\u00e9vision et modification des contrats de travail,<\/li>\n<li>Examen et modification des r\u00e9glementations\/politiques du lieu de travail,<\/li>\n<li>Questions relevant du droit de l&rsquo;immigration (permis de s\u00e9jour et de travail, visas sp\u00e9ciaux)<\/li>\n<li>Services de conseil en mati\u00e8re de conventions collectives et de relations avec les syndicats,<\/li>\n<li>\u0130kale s\u00f6zle\u015fmeleri ile i\u015f s\u00f6zle\u015fmesinin feshine y\u00f6nelik risk de\u011ferlendirmeleri,\u00c9valuations des risques li\u00e9s aux accords de rupture mutuelle et \u00e0 la rupture des contrats de travail,<\/li>\n<li>R\u00e9solution des litiges, y compris contentieux et m\u00e9diation,<\/li>\n<li>Questions li\u00e9es \u00e0 la pr\u00e9vention de la discrimination,<\/li>\n<li>Questions li\u00e9es au droit de la sant\u00e9 et de la s\u00e9curit\u00e9 du travail,<\/li>\n<li>Questions li\u00e9es au droit de la s\u00e9curit\u00e9 sociale,<\/li>\n<li>Avantages et r\u00e9mun\u00e9rations accord\u00e9s aux salari\u00e9s.<\/li><\/ul>\t\t\t\t\t\t\t\t<\/div>\n\t\t\t\t<\/div>\n\t\t\t\t\t<\/div>\n\t\t\t\t<\/div>\n\t\t\t\t<\/div>\n\t\t","protected":false},"excerpt":{"rendered":"<p>FAITES CONNAISSANCE AVEC NOS AVOCATS L\u2019\u00e9quipe d\u2019experts de BATTAL LAW poss\u00e8de des connaissances approfondies dans les domaines du droit collectif du travail, du droit de la sant\u00e9 et de la s\u00e9curit\u00e9 au travail, du droit de la s\u00e9curit\u00e9 sociale et du droit de l\u2019immigration. Il vise \u00e0 apporter des solutions pratiques et efficaces pour r\u00e9soudre [&hellip;]<\/p>\n","protected":false},"author":1,"featured_media":0,"parent":0,"menu_order":0,"comment_status":"closed","ping_status":"closed","template":"","meta":{"site-sidebar-layout":"default","site-content-layout":"page-builder","ast-site-content-layout":"full-width-container","site-content-style":"default","site-sidebar-style":"default","ast-global-header-display":"","ast-banner-title-visibility":"","ast-main-header-display":"","ast-hfb-above-header-display":"","ast-hfb-below-header-display":"","ast-hfb-mobile-header-display":"","site-post-title":"disabled","ast-breadcrumbs-content":"","ast-featured-img":"disabled","footer-sml-layout":"","ast-disable-related-posts":"","theme-transparent-header-meta":"","adv-header-id-meta":"","stick-header-meta":"","header-above-stick-meta":"","header-main-stick-meta":"","header-below-stick-meta":"","astra-migrate-meta-layouts":"default","ast-page-background-enabled":"default","ast-page-background-meta":{"desktop":{"background-color":"","background-image":"","background-repeat":"repeat","background-position":"center center","background-size":"auto","background-attachment":"scroll","background-type":"","background-media":"","overlay-type":"","overlay-color":"","overlay-opacity":"","overlay-gradient":""},"tablet":{"background-color":"","background-image":"","background-repeat":"repeat","background-position":"center center","background-size":"auto","background-attachment":"scroll","background-type":"","background-media":"","overlay-type":"","overlay-color":"","overlay-opacity":"","overlay-gradient":""},"mobile":{"background-color":"","background-image":"","background-repeat":"repeat","background-position":"center center","background-size":"auto","background-attachment":"scroll","background-type":"","background-media":"","overlay-type":"","overlay-color":"","overlay-opacity":"","overlay-gradient":""}},"ast-content-background-meta":{"desktop":{"background-color":"var(--ast-global-color-5)","background-image":"","background-repeat":"repeat","background-position":"center center","background-size":"auto","background-attachment":"scroll","background-type":"","background-media":"","overlay-type":"","overlay-color":"","overlay-opacity":"","overlay-gradient":""},"tablet":{"background-color":"var(--ast-global-color-5)","background-image":"","background-repeat":"repeat","background-position":"center center","background-size":"auto","background-attachment":"scroll","background-type":"","background-media":"","overlay-type":"","overlay-color":"","overlay-opacity":"","overlay-gradient":""},"mobile":{"background-color":"var(--ast-global-color-5)","background-image":"","background-repeat":"repeat","background-position":"center center","background-size":"auto","background-attachment":"scroll","background-type":"","background-media":"","overlay-type":"","overlay-color":"","overlay-opacity":"","overlay-gradient":""}},"footnotes":""},"class_list":["post-2414","page","type-page","status-publish","hentry"],"_links":{"self":[{"href":"https:\/\/battallaw.com\/fr\/wp-json\/wp\/v2\/pages\/2414","targetHints":{"allow":["GET"]}}],"collection":[{"href":"https:\/\/battallaw.com\/fr\/wp-json\/wp\/v2\/pages"}],"about":[{"href":"https:\/\/battallaw.com\/fr\/wp-json\/wp\/v2\/types\/page"}],"author":[{"embeddable":true,"href":"https:\/\/battallaw.com\/fr\/wp-json\/wp\/v2\/users\/1"}],"replies":[{"embeddable":true,"href":"https:\/\/battallaw.com\/fr\/wp-json\/wp\/v2\/comments?post=2414"}],"version-history":[{"count":1,"href":"https:\/\/battallaw.com\/fr\/wp-json\/wp\/v2\/pages\/2414\/revisions"}],"predecessor-version":[{"id":2415,"href":"https:\/\/battallaw.com\/fr\/wp-json\/wp\/v2\/pages\/2414\/revisions\/2415"}],"wp:attachment":[{"href":"https:\/\/battallaw.com\/fr\/wp-json\/wp\/v2\/media?parent=2414"}],"curies":[{"name":"wp","href":"https:\/\/api.w.org\/{rel}","templated":true}]}}