{"id":2434,"date":"2024-05-27T00:05:55","date_gmt":"2024-05-26T21:05:55","guid":{"rendered":"https:\/\/battallaw.com\/droit-immobilier\/"},"modified":"2024-09-03T14:06:55","modified_gmt":"2024-09-03T11:06:55","slug":"droit-immobilier","status":"publish","type":"page","link":"https:\/\/battallaw.com\/fr\/droit-immobilier\/","title":{"rendered":"Droit immobilier"},"content":{"rendered":"\t\t<div data-elementor-type=\"wp-page\" data-elementor-id=\"2434\" class=\"elementor elementor-2434 elementor-1940\">\n\t\t\t\t<div class=\"elementor-element elementor-element-602b1cc e-flex e-con-boxed e-con e-parent\" data-id=\"602b1cc\" data-element_type=\"container\" data-e-type=\"container\" data-settings=\"{&quot;background_background&quot;:&quot;classic&quot;}\">\n\t\t\t\t\t<div class=\"e-con-inner\">\n\t\t<div class=\"elementor-element elementor-element-9535858 e-con-full e-flex e-con e-child\" data-id=\"9535858\" data-element_type=\"container\" data-e-type=\"container\">\n\t\t\t\t<div class=\"elementor-element elementor-element-48439a8 elementor-align-center elementor-widget elementor-widget-button\" data-id=\"48439a8\" data-element_type=\"widget\" data-e-type=\"widget\" data-widget_type=\"button.default\">\n\t\t\t\t<div class=\"elementor-widget-container\">\n\t\t\t\t\t\t\t\t\t<div class=\"elementor-button-wrapper\">\n\t\t\t\t\t<a class=\"elementor-button elementor-button-link elementor-size-sm\" href=\"#\">\n\t\t\t\t\t\t<span class=\"elementor-button-content-wrapper\">\n\t\t\t\t\t\t\t\t\t<span class=\"elementor-button-text\">FAITES CONNAISSANCE AVEC NOS AVOCATS<\/span>\n\t\t\t\t\t<\/span>\n\t\t\t\t\t<\/a>\n\t\t\t\t<\/div>\n\t\t\t\t\t\t\t\t<\/div>\n\t\t\t\t<\/div>\n\t\t\t\t<\/div>\n\t\t\t\t\t<\/div>\n\t\t\t\t<\/div>\n\t\t<div class=\"elementor-element elementor-element-d48012f e-flex e-con-boxed e-con e-parent\" data-id=\"d48012f\" data-element_type=\"container\" data-e-type=\"container\">\n\t\t\t\t\t<div class=\"e-con-inner\">\n\t\t\t\t<div class=\"elementor-element elementor-element-297b49b elementor-widget elementor-widget-text-editor\" data-id=\"297b49b\" data-element_type=\"widget\" data-e-type=\"widget\" data-widget_type=\"text-editor.default\">\n\t\t\t\t<div class=\"elementor-widget-container\">\n\t\t\t\t\t\t\t\t\t<p>En tant que BATTAL LAW, nous offrons un soutien juridique complet en mati\u00e8re d\u2019investissements et de d\u00e9veloppements immobiliers. Nous proposons une large gamme de services \u00e0 nos clients dans le domaine du droit immobilier, incluant les questions r\u00e9glementaires, fiscales, financi\u00e8res et environnementales dans nos services. Nous veillons \u00e0 ce que nos clients r\u00e9agissent rapidement et efficacement aux risques et \u00e0 la volatilit\u00e9 du march\u00e9 immobilier. De plus, gr\u00e2ce \u00e0 notre vaste r\u00e9seau de communication, nous aidons nos clients \u00e0 g\u00e9rer strat\u00e9giquement leurs investissements immobiliers.   <\/p>\n<p>Les principaux services que nous proposons \u00e0 nos clients dans le cadre du droit immobilier sont :<\/p>\n\t\t\t\t\t\t\t\t<\/div>\n\t\t\t\t<\/div>\n\t\t\t\t\t<\/div>\n\t\t\t\t<\/div>\n\t\t<div class=\"elementor-element elementor-element-f0920f9 e-flex e-con-boxed e-con e-parent\" data-id=\"f0920f9\" data-element_type=\"container\" data-e-type=\"container\">\n\t\t\t\t\t<div class=\"e-con-inner\">\n\t\t\t\t<div class=\"elementor-element elementor-element-d0e098a elementor-widget elementor-widget-text-editor\" data-id=\"d0e098a\" data-element_type=\"widget\" data-e-type=\"widget\" data-widget_type=\"text-editor.default\">\n\t\t\t\t<div class=\"elementor-widget-container\">\n\t\t\t\t\t\t\t\t\t<ul>\n<li>Examiner les contrats de location,<\/li>\n<li>Fournir un soutien juridique dans les processus de r\u00e9novation de construction,<\/li>\n<li>Ex\u00e9cution de projets de d\u00e9veloppement immobilier,<\/li>\n<li>Fournir des conseils en processus de transformation urbaine,<\/li>\n<li>Suivi des d\u00e9marches d&rsquo;inscription,<\/li>\n<li>Conseil en projets pour centres commerciaux, r\u00e9sidences, h\u00f4tels et diverses installations touristiques,<\/li>\n<li>Suivi de l&rsquo;\u00e9tat de zonage et des processus de construction,<\/li>\n<li>R\u00e9aliser les d\u00e9marches relatives \u00e0 l&rsquo;obtention des permis de construire, des permis d&rsquo;occupation des immeubles et des divers permis et licences,<\/li>\n<li>R\u00e9aliser des op\u00e9rations de cr\u00e9dit-bail commercial et de financement hypoth\u00e9caire,<\/li>\n<li>Examiner les contrats de construction, les cahiers des charges, les accords d&rsquo;achat officiels,<\/li>\n<li>Respect des permis de construire et de la r\u00e9glementation,<\/li>\n<li>Exploitation de processus d&rsquo;acquisition immobili\u00e8re d&rsquo;\u00e9trangers.<\/li>\n<\/ul>\n\t\t\t\t\t\t\t\t<\/div>\n\t\t\t\t<\/div>\n\t\t\t\t\t<\/div>\n\t\t\t\t<\/div>\n\t\t\t\t<\/div>\n\t\t","protected":false},"excerpt":{"rendered":"<p>FAITES CONNAISSANCE AVEC NOS AVOCATS En tant que BATTAL LAW, nous offrons un soutien juridique complet en mati\u00e8re d\u2019investissements et de d\u00e9veloppements immobiliers. Nous proposons une large gamme de services \u00e0 nos clients dans le domaine du droit immobilier, incluant les questions r\u00e9glementaires, fiscales, financi\u00e8res et environnementales dans nos services. Nous veillons \u00e0 ce que [&hellip;]<\/p>\n","protected":false},"author":1,"featured_media":0,"parent":0,"menu_order":0,"comment_status":"closed","ping_status":"closed","template":"","meta":{"site-sidebar-layout":"default","site-content-layout":"page-builder","ast-site-content-layout":"full-width-container","site-content-style":"default","site-sidebar-style":"default","ast-global-header-display":"","ast-banner-title-visibility":"","ast-main-header-display":"","ast-hfb-above-header-display":"","ast-hfb-below-header-display":"","ast-hfb-mobile-header-display":"","site-post-title":"disabled","ast-breadcrumbs-content":"","ast-featured-img":"disabled","footer-sml-layout":"","ast-disable-related-posts":"","theme-transparent-header-meta":"","adv-header-id-meta":"","stick-header-meta":"","header-above-stick-meta":"","header-main-stick-meta":"","header-below-stick-meta":"","astra-migrate-meta-layouts":"default","ast-page-background-enabled":"default","ast-page-background-meta":{"desktop":{"background-color":"","background-image":"","background-repeat":"repeat","background-position":"center center","background-size":"auto","background-attachment":"scroll","background-type":"","background-media":"","overlay-type":"","overlay-color":"","overlay-opacity":"","overlay-gradient":""},"tablet":{"background-color":"","background-image":"","background-repeat":"repeat","background-position":"center center","background-size":"auto","background-attachment":"scroll","background-type":"","background-media":"","overlay-type":"","overlay-color":"","overlay-opacity":"","overlay-gradient":""},"mobile":{"background-color":"","background-image":"","background-repeat":"repeat","background-position":"center center","background-size":"auto","background-attachment":"scroll","background-type":"","background-media":"","overlay-type":"","overlay-color":"","overlay-opacity":"","overlay-gradient":""}},"ast-content-background-meta":{"desktop":{"background-color":"var(--ast-global-color-5)","background-image":"","background-repeat":"repeat","background-position":"center center","background-size":"auto","background-attachment":"scroll","background-type":"","background-media":"","overlay-type":"","overlay-color":"","overlay-opacity":"","overlay-gradient":""},"tablet":{"background-color":"var(--ast-global-color-5)","background-image":"","background-repeat":"repeat","background-position":"center center","background-size":"auto","background-attachment":"scroll","background-type":"","background-media":"","overlay-type":"","overlay-color":"","overlay-opacity":"","overlay-gradient":""},"mobile":{"background-color":"var(--ast-global-color-5)","background-image":"","background-repeat":"repeat","background-position":"center center","background-size":"auto","background-attachment":"scroll","background-type":"","background-media":"","overlay-type":"","overlay-color":"","overlay-opacity":"","overlay-gradient":""}},"footnotes":""},"class_list":["post-2434","page","type-page","status-publish","hentry"],"_links":{"self":[{"href":"https:\/\/battallaw.com\/fr\/wp-json\/wp\/v2\/pages\/2434","targetHints":{"allow":["GET"]}}],"collection":[{"href":"https:\/\/battallaw.com\/fr\/wp-json\/wp\/v2\/pages"}],"about":[{"href":"https:\/\/battallaw.com\/fr\/wp-json\/wp\/v2\/types\/page"}],"author":[{"embeddable":true,"href":"https:\/\/battallaw.com\/fr\/wp-json\/wp\/v2\/users\/1"}],"replies":[{"embeddable":true,"href":"https:\/\/battallaw.com\/fr\/wp-json\/wp\/v2\/comments?post=2434"}],"version-history":[{"count":1,"href":"https:\/\/battallaw.com\/fr\/wp-json\/wp\/v2\/pages\/2434\/revisions"}],"predecessor-version":[{"id":2435,"href":"https:\/\/battallaw.com\/fr\/wp-json\/wp\/v2\/pages\/2434\/revisions\/2435"}],"wp:attachment":[{"href":"https:\/\/battallaw.com\/fr\/wp-json\/wp\/v2\/media?parent=2434"}],"curies":[{"name":"wp","href":"https:\/\/api.w.org\/{rel}","templated":true}]}}